{"id":533,"date":"2015-08-01T08:44:05","date_gmt":"2015-08-01T14:44:05","guid":{"rendered":"https:\/\/greentiquehotels.com\/?page_id=533"},"modified":"2022-08-01T17:17:11","modified_gmt":"2022-08-01T23:17:11","slug":"dining","status":"publish","type":"page","link":"https:\/\/greentiquehotels.com\/?page_id=533","title":{"rendered":"DINING"},"content":{"rendered":"<div id=\"cs-content\" class=\"cs-content\"><\/div>\n","protected":false},"excerpt":{"rendered":"<p>Rico Tico Jungle Grill S\u00ed Como No Resort &#038; Wildlife Refuge Claro Que S\u00ed S\u00ed Como No Resort &#038; Wildlife Refuge Rico Tico Jungle Grill S\u00ed Como No Resort &#038; Wildlife Refuge The Great Room \u00c1guila de Osa Rainforest &#038; Marine Adventure Lodge Mogotes Swim-up Bar S\u00ed Como No Resort &#038; Wildlife Refuge El Sendero Villa Blanca Cloud Forest Hotel &#8230; <\/p>\n<div><a href=\"https:\/\/greentiquehotels.com\/?page_id=533\" class=\"more-link\">Read More<\/a><\/div>\n","protected":false},"author":9,"featured_media":0,"parent":0,"menu_order":0,"comment_status":"closed","ping_status":"closed","template":"template-blank-4.php","meta":{"footnotes":""},"yoast_head":"<!-- This site is optimized with the Yoast SEO plugin v22.4 - https:\/\/yoast.com\/wordpress\/plugins\/seo\/ -->\n<title>Costa Rican Cusine &amp; Restaurant - Manuel Antonio, Drake Bay &amp; Arenal - Greentique Hotels<\/title>\n<meta name=\"description\" content=\"Enjoy a blend of Costa Rica Cusine &amp; creative sustainable gastronomy prepared by our top Chefs. Greentique Hotels boasts a twist on traditional dishes &amp; flavors unique to each restaurant location in Manuel Antonio, Drake Bay &amp; near the Arenal Volcano.\" \/>\n<meta name=\"robots\" content=\"index, follow, max-snippet:-1, max-image-preview:large, max-video-preview:-1\" \/>\n<link rel=\"canonical\" href=\"https:\/\/greentiquehotels.com\/?page_id=533\" \/>\n<meta property=\"og:locale\" content=\"es_ES\" \/>\n<meta property=\"og:type\" content=\"article\" \/>\n<meta property=\"og:title\" content=\"Costa Rican Cusine &amp; Restaurant - Manuel Antonio, Drake Bay &amp; Arenal - Greentique Hotels\" \/>\n<meta property=\"og:description\" content=\"Enjoy a blend of Costa Rica Cusine &amp; creative sustainable gastronomy prepared by our top Chefs. Greentique Hotels boasts a twist on traditional dishes &amp; flavors unique to each restaurant location in Manuel Antonio, Drake Bay &amp; near the Arenal Volcano.\" \/>\n<meta property=\"og:url\" content=\"https:\/\/greentiquehotels.com\/?page_id=533\" \/>\n<meta property=\"og:site_name\" content=\"Greentique Hotels\" \/>\n<meta property=\"article:modified_time\" content=\"2022-08-01T23:17:11+00:00\" \/>\n<meta property=\"og:image\" content=\"https:\/\/greentiquehotels.com\/wp-content\/uploads\/2016\/02\/logo-villa-blanca-cloud-forest-hotel-costa-rica-100x100.jpg\" \/>\n<meta name=\"twitter:card\" content=\"summary_large_image\" \/>\n<meta name=\"twitter:label1\" content=\"Est. reading time\" \/>\n\t<meta name=\"twitter:data1\" content=\"28 minutos\" \/>\n<script type=\"application\/ld+json\" class=\"yoast-schema-graph\">{\"@context\":\"https:\/\/schema.org\",\"@graph\":[{\"@type\":\"WebPage\",\"@id\":\"https:\/\/greentiquehotels.com\/?page_id=533\",\"url\":\"https:\/\/greentiquehotels.com\/?page_id=533\",\"name\":\"Costa Rican Cusine & Restaurant - Manuel Antonio, Drake Bay & Arenal - Greentique Hotels\",\"isPartOf\":{\"@id\":\"https:\/\/greentiquehotels.com\/#website\"},\"primaryImageOfPage\":{\"@id\":\"https:\/\/greentiquehotels.com\/?page_id=533#primaryimage\"},\"image\":{\"@id\":\"https:\/\/greentiquehotels.com\/?page_id=533#primaryimage\"},\"thumbnailUrl\":\"https:\/\/greentiquehotels.com\/wp-content\/uploads\/2016\/02\/logo-villa-blanca-cloud-forest-hotel-costa-rica-100x100.jpg\",\"datePublished\":\"2015-08-01T14:44:05+00:00\",\"dateModified\":\"2022-08-01T23:17:11+00:00\",\"description\":\"Enjoy a blend of Costa Rica Cusine & creative sustainable gastronomy prepared by our top Chefs. Greentique Hotels boasts a twist on traditional dishes & flavors unique to each restaurant location in Manuel Antonio, Drake Bay & near the Arenal Volcano.\",\"breadcrumb\":{\"@id\":\"https:\/\/greentiquehotels.com\/?page_id=533#breadcrumb\"},\"inLanguage\":\"es-CR\",\"potentialAction\":[{\"@type\":\"ReadAction\",\"target\":[\"https:\/\/greentiquehotels.com\/?page_id=533\"]}]},{\"@type\":\"ImageObject\",\"inLanguage\":\"es-CR\",\"@id\":\"https:\/\/greentiquehotels.com\/?page_id=533#primaryimage\",\"url\":\"https:\/\/greentiquehotels.com\/wp-content\/uploads\/2016\/02\/logo-villa-blanca-cloud-forest-hotel-costa-rica-100x100.jpg\",\"contentUrl\":\"https:\/\/greentiquehotels.com\/wp-content\/uploads\/2016\/02\/logo-villa-blanca-cloud-forest-hotel-costa-rica-100x100.jpg\"},{\"@type\":\"BreadcrumbList\",\"@id\":\"https:\/\/greentiquehotels.com\/?page_id=533#breadcrumb\",\"itemListElement\":[{\"@type\":\"ListItem\",\"position\":1,\"name\":\"Home\",\"item\":\"https:\/\/greentiquehotels.com\/\"},{\"@type\":\"ListItem\",\"position\":2,\"name\":\"DINING\"}]},{\"@type\":\"WebSite\",\"@id\":\"https:\/\/greentiquehotels.com\/#website\",\"url\":\"https:\/\/greentiquehotels.com\/\",\"name\":\"Greentique Hotels\",\"description\":\"Exceptional Costa Rica Experiences\",\"potentialAction\":[{\"@type\":\"SearchAction\",\"target\":{\"@type\":\"EntryPoint\",\"urlTemplate\":\"https:\/\/greentiquehotels.com\/?s={search_term_string}\"},\"query-input\":\"required name=search_term_string\"}],\"inLanguage\":\"es-CR\"}]}<\/script>\n<!-- \/ Yoast SEO plugin. -->","yoast_head_json":{"title":"Costa Rican Cusine & Restaurant - Manuel Antonio, Drake Bay & Arenal - Greentique Hotels","description":"Enjoy a blend of Costa Rica Cusine & creative sustainable gastronomy prepared by our top Chefs. Greentique Hotels boasts a twist on traditional dishes & flavors unique to each restaurant location in Manuel Antonio, Drake Bay & near the Arenal Volcano.","robots":{"index":"index","follow":"follow","max-snippet":"max-snippet:-1","max-image-preview":"max-image-preview:large","max-video-preview":"max-video-preview:-1"},"canonical":"https:\/\/greentiquehotels.com\/?page_id=533","og_locale":"es_ES","og_type":"article","og_title":"Costa Rican Cusine & Restaurant - Manuel Antonio, Drake Bay & Arenal - Greentique Hotels","og_description":"Enjoy a blend of Costa Rica Cusine & creative sustainable gastronomy prepared by our top Chefs. Greentique Hotels boasts a twist on traditional dishes & flavors unique to each restaurant location in Manuel Antonio, Drake Bay & near the Arenal Volcano.","og_url":"https:\/\/greentiquehotels.com\/?page_id=533","og_site_name":"Greentique Hotels","article_modified_time":"2022-08-01T23:17:11+00:00","og_image":[{"url":"https:\/\/greentiquehotels.com\/wp-content\/uploads\/2016\/02\/logo-villa-blanca-cloud-forest-hotel-costa-rica-100x100.jpg"}],"twitter_card":"summary_large_image","twitter_misc":{"Est. reading time":"28 minutos"},"schema":{"@context":"https:\/\/schema.org","@graph":[{"@type":"WebPage","@id":"https:\/\/greentiquehotels.com\/?page_id=533","url":"https:\/\/greentiquehotels.com\/?page_id=533","name":"Costa Rican Cusine & Restaurant - Manuel Antonio, Drake Bay & Arenal - Greentique Hotels","isPartOf":{"@id":"https:\/\/greentiquehotels.com\/#website"},"primaryImageOfPage":{"@id":"https:\/\/greentiquehotels.com\/?page_id=533#primaryimage"},"image":{"@id":"https:\/\/greentiquehotels.com\/?page_id=533#primaryimage"},"thumbnailUrl":"https:\/\/greentiquehotels.com\/wp-content\/uploads\/2016\/02\/logo-villa-blanca-cloud-forest-hotel-costa-rica-100x100.jpg","datePublished":"2015-08-01T14:44:05+00:00","dateModified":"2022-08-01T23:17:11+00:00","description":"Enjoy a blend of Costa Rica Cusine & creative sustainable gastronomy prepared by our top Chefs. Greentique Hotels boasts a twist on traditional dishes & flavors unique to each restaurant location in Manuel Antonio, Drake Bay & near the Arenal Volcano.","breadcrumb":{"@id":"https:\/\/greentiquehotels.com\/?page_id=533#breadcrumb"},"inLanguage":"es-CR","potentialAction":[{"@type":"ReadAction","target":["https:\/\/greentiquehotels.com\/?page_id=533"]}]},{"@type":"ImageObject","inLanguage":"es-CR","@id":"https:\/\/greentiquehotels.com\/?page_id=533#primaryimage","url":"https:\/\/greentiquehotels.com\/wp-content\/uploads\/2016\/02\/logo-villa-blanca-cloud-forest-hotel-costa-rica-100x100.jpg","contentUrl":"https:\/\/greentiquehotels.com\/wp-content\/uploads\/2016\/02\/logo-villa-blanca-cloud-forest-hotel-costa-rica-100x100.jpg"},{"@type":"BreadcrumbList","@id":"https:\/\/greentiquehotels.com\/?page_id=533#breadcrumb","itemListElement":[{"@type":"ListItem","position":1,"name":"Home","item":"https:\/\/greentiquehotels.com\/"},{"@type":"ListItem","position":2,"name":"DINING"}]},{"@type":"WebSite","@id":"https:\/\/greentiquehotels.com\/#website","url":"https:\/\/greentiquehotels.com\/","name":"Greentique Hotels","description":"Exceptional Costa Rica Experiences","potentialAction":[{"@type":"SearchAction","target":{"@type":"EntryPoint","urlTemplate":"https:\/\/greentiquehotels.com\/?s={search_term_string}"},"query-input":"required name=search_term_string"}],"inLanguage":"es-CR"}]}},"_links":{"self":[{"href":"https:\/\/greentiquehotels.com\/index.php?rest_route=\/wp\/v2\/pages\/533"}],"collection":[{"href":"https:\/\/greentiquehotels.com\/index.php?rest_route=\/wp\/v2\/pages"}],"about":[{"href":"https:\/\/greentiquehotels.com\/index.php?rest_route=\/wp\/v2\/types\/page"}],"author":[{"embeddable":true,"href":"https:\/\/greentiquehotels.com\/index.php?rest_route=\/wp\/v2\/users\/9"}],"replies":[{"embeddable":true,"href":"https:\/\/greentiquehotels.com\/index.php?rest_route=%2Fwp%2Fv2%2Fcomments&post=533"}],"version-history":[{"count":2,"href":"https:\/\/greentiquehotels.com\/index.php?rest_route=\/wp\/v2\/pages\/533\/revisions"}],"predecessor-version":[{"id":7900,"href":"https:\/\/greentiquehotels.com\/index.php?rest_route=\/wp\/v2\/pages\/533\/revisions\/7900"}],"wp:attachment":[{"href":"https:\/\/greentiquehotels.com\/index.php?rest_route=%2Fwp%2Fv2%2Fmedia&parent=533"}],"curies":[{"name":"wp","href":"https:\/\/api.w.org\/{rel}","templated":true}]}}